{"id":21,"date":"2013-02-15T12:48:03","date_gmt":"2013-02-15T12:48:03","guid":{"rendered":"http:\/\/www.medicineestonia.eu\/\/?page_id=21"},"modified":"2020-03-23T14:52:03","modified_gmt":"2020-03-23T12:52:03","slug":"tookorraldus","status":"publish","type":"page","link":"https:\/\/www.medicineestonia.eu\/fi\/klastri-tegevus\/tookorraldus\/","title":{"rendered":"(Eesti) T\u00f6\u00f6korraldus"},"content":{"rendered":"<p class=\"qtranxs-available-languages-message qtranxs-available-languages-message-fi\">Anteeksi, mutta t\u00e4m\u00e4 kirjoitus on saatavana ainoastaan n\u00e4ill\u00e4 kielill\u00e4: <a href=\"https:\/\/www.medicineestonia.eu\/et\/wp-json\/wp\/v2\/pages\/21\" class=\"qtranxs-available-language-link qtranxs-available-language-link-et\" title=\"Eesti\">Eesti<\/a>.<\/p>","protected":false},"excerpt":{"rendered":"<p>Anteeksi, mutta t\u00e4m\u00e4 kirjoitus on saatavana ainoastaan n\u00e4ill\u00e4 kielill\u00e4: Eesti.<\/p>\n","protected":false},"author":1,"featured_media":0,"parent":505,"menu_order":2,"comment_status":"open","ping_status":"open","template":"","meta":{"_aioseo_title":"","_aioseo_description":"","footnotes":""},"class_list":["post-21","page","type-page","status-publish"],"_links":{"self":[{"href":"https:\/\/www.medicineestonia.eu\/fi\/wp-json\/wp\/v2\/pages\/21","targetHints":{"allow":["GET"]}}],"collection":[{"href":"https:\/\/www.medicineestonia.eu\/fi\/wp-json\/wp\/v2\/pages"}],"about":[{"href":"https:\/\/www.medicineestonia.eu\/fi\/wp-json\/wp\/v2\/types\/page"}],"author":[{"embeddable":true,"href":"https:\/\/www.medicineestonia.eu\/fi\/wp-json\/wp\/v2\/users\/1"}],"replies":[{"embeddable":true,"href":"https:\/\/www.medicineestonia.eu\/fi\/wp-json\/wp\/v2\/comments?post=21"}],"version-history":[{"count":1,"href":"https:\/\/www.medicineestonia.eu\/fi\/wp-json\/wp\/v2\/pages\/21\/revisions"}],"predecessor-version":[{"id":170,"href":"https:\/\/www.medicineestonia.eu\/fi\/wp-json\/wp\/v2\/pages\/21\/revisions\/170"}],"up":[{"embeddable":true,"href":"https:\/\/www.medicineestonia.eu\/fi\/wp-json\/wp\/v2\/pages\/505"}],"wp:attachment":[{"href":"https:\/\/www.medicineestonia.eu\/fi\/wp-json\/wp\/v2\/media?parent=21"}],"curies":[{"name":"wp","href":"https:\/\/api.w.org\/{rel}","templated":true}]}}