{"id":217,"date":"2013-03-18T21:50:59","date_gmt":"2013-03-18T21:50:59","guid":{"rendered":"http:\/\/www.medicineestonia.eu\/\/?page_id=217"},"modified":"2018-01-07T14:56:26","modified_gmt":"2018-01-07T12:56:26","slug":"treatment-in-estonia","status":"publish","type":"page","link":"https:\/\/www.medicineestonia.eu\/fi\/treatment-in-estonia\/","title":{"rendered":"Miksi Viroon?"},"content":{"rendered":"<p><\/p>\n<h2>Korkealaatuisia l\u00e4\u00e4ketieteellisi\u00e4 palveluja tutussa Virossa<\/h2>\n<p>Potilas voi nyky\u00e4\u00e4n itse valita terveyspalvelunsa tarjoajan. Valtioiden rajojen merkitys t\u00e4t\u00e4 valintaa teht\u00e4ess\u00e4 v\u00e4henee jatkuvasti. Sek\u00e4 kansallinen lains\u00e4\u00e4d\u00e4nt\u00f6, ja ett\u00e4 my\u00f6s Euroopan unionin potilasdirektiivi, tukevat hoitoon hakeutumista ulkomailla.<\/p>\n<p>Ulkomaisista hoitomahdollisuuksista kiinnostuneille suomalaisille Viro on j\u00e4rkev\u00e4 valinta. Suomesta k\u00e4sin Virossa k\u00e4yd\u00e4\u00e4n terveystarkastuksissa, hammashoidossa, silm\u00e4leikkauksissa, hoitamassa ylipaino-ongelmia sek\u00e4 lonkkaproteesileikkauksessa \u2013 ja n\u00e4m\u00e4 ovat vain muutamia esimerkkej\u00e4.<\/p>\n<p>Tutkimusten mukaan suomalaisilla on Viron terveyspalveluista kuva ihan arkip\u00e4iv\u00e4isen\u00e4, rehellisen\u00e4 ja huolellisena. Viro on yh\u00e4 nopeammin kehittyv\u00e4n\u00e4 EU-maana omanlaisensa pieni tulevaisuuden yhteiskunta, jota pidet\u00e4\u00e4n nykyaikaisen terveyspalvelujen j\u00e4rjest\u00e4misen, niiden saatavuuden ja laadun esikuvana, my\u00f6s Suomessa.<\/p>\n<p>Hoito ja palvelun laatu on Virossa samantasoista kuin Suomessa. Virolaiset klinikat tarjoavat nykyaikaista hoitoymp\u00e4rist\u00f6\u00e4, k\u00e4ytt\u00e4v\u00e4t modernia tekniikkaa ja noudattavat EU:n standardeja. Paikalliset l\u00e4\u00e4k\u00e4rit ovat tiedoiltaan ja taidoiltaan kansainv\u00e4lisesti tunnustettuja asiantuntijoita. Hoitojonot ovat Virossa lyhyit\u00e4 ja potilaiden hoitotarpeisiin vastataan yksil\u00f6llisesti.<\/p>\n<p>Viro on yksi harvoista maista maailmassa, joissa suomalainen saa hoitoa omalla \u00e4idinkielell\u00e4\u00e4n. EU:n potilasdirektiivin ja Suomen lains\u00e4\u00e4d\u00e4nn\u00f6n ansiosta on hoito- ja matkakorvauksen saaminen Kelasta yksinkertaistunut ja laajentunut entisest\u00e4\u00e4n.<\/p>\n<p><strong>Tervetuloa Viroon!<\/strong><\/p>\n<h2>Tasokkaat l\u00e4\u00e4k\u00e4rit ja yst\u00e4v\u00e4llinen hoitohenkil\u00f6kunta<\/h2>\n<p><strong>Hyv\u00e4n l\u00e4\u00e4k\u00e4rin on oltava p\u00e4tev\u00e4 ja kokenut sek\u00e4 osaava ja empaattinen<\/strong><br \/>\nHyv\u00e4t l\u00e4\u00e4k\u00e4rit ovat terveydenhuollon perusta. Perusteellisen osaamisen ja kokemuksen ohella virolaiset l\u00e4\u00e4k\u00e4rit ja hoitohenkil\u00f6kunta ovat saaneet potilailta kiitosta empaattisesta, antaumuksellisesta ja ihmisl\u00e4heisest\u00e4 suhtautumisestaan potilaisiin. L\u00e4\u00e4k\u00e4rit ottavat huomioon potilaiden tarpeet ja varaavat kullekin potilaalle riitt\u00e4v\u00e4sti aikaa.<\/p>\n<p>Yliopistovertailussa maailman parhaimpien kolmen prosentin joukkoon kuuluvassa Tarton yliopistossa on koulutettu huipputason l\u00e4\u00e4k\u00e4reit\u00e4 jo nelj\u00e4nsadan vuoden ajan. Virolainen l\u00e4\u00e4k\u00e4rikoulutus on my\u00f6s vuosia ollut arvostettu vaihtoehto suomalaisille opiskelijoille. Virolainen j\u00e4rjestelm\u00e4 edellytt\u00e4\u00e4, ett\u00e4 l\u00e4\u00e4k\u00e4rit t\u00e4ydent\u00e4v\u00e4t osaamistaan ja p\u00e4tevyytt\u00e4\u00e4n s\u00e4\u00e4nn\u00f6llisesti. Virolaiset l\u00e4\u00e4k\u00e4rit ovat toivottuja ja arvostettuja ty\u00f6ntekij\u00f6it\u00e4 Pohjoismaissa ja Isossa-Britanniassa, ja useat l\u00e4\u00e4k\u00e4rit ty\u00f6skentelev\u00e4tkin samanaikaisesti sek\u00e4 Virossa ett\u00e4 Suomessa. Useat virolaiset kirurgit ovat ty\u00f6skennelleet my\u00f6s Camp Bastionissa Afganistanissa, jota pidet\u00e4\u00e4n yhten\u00e4 maailman parhaimmista vaativien vammojen hoitoon erikoistuneista sairaaloista.<\/p>\n<p>Hyv\u00e4 koulutus, kokemus ja aloitteellisuus kannustavat my\u00f6s innovatiivisten hoitokeinojen ja teknologioiden k\u00e4ytt\u00f6\u00f6nottoon. Virossa toimii ainutlaatuinen solulaboratorio, jossa kasvatetaan kantasoluja. Maassa on tehty my\u00f6s ensimm\u00e4iset ihon luomiseen ja hammasten autotransplantaatioon liittyv\u00e4t toimenpiteet. Tallinnassa toimii my\u00f6s kansainv\u00e4list\u00e4 tasoa oleva multippeliskleroosin keskus, jossa hoidetaan my\u00f6s eritt\u00e4in harvinaisia neurologisia sairauksia.<\/p>\n<p>Poikkitieteellinen l\u00e4hestymistapa on arkea useilla Viron terveydenhuollon aloilla. Erilaisten erikoisalojen asiantuntijoiden v\u00e4linen yhteisty\u00f6 auttaa varmistamaan tehokkaamman, ja yleens\u00e4 my\u00f6s edullisemman hoidon.<\/p>\n<h2>Helppo sijainti ja hyv\u00e4 suomen kielen taito<\/h2>\n<p><strong>Pieni ja kotoisa eurooppalainen maa<\/strong><br \/>\nViron historialliset ja kulttuuriset yhteydet Pohjoismaihin, Saksaan ja Ven\u00e4j\u00e4\u00e4n ovat tehneet Virosta ainutlaatuisen maan. Viro edustaa pohjoismaisia arvoja, saksalaista t\u00e4sm\u00e4llisyytt\u00e4 ja ven\u00e4l\u00e4ist\u00e4 vieraanvaraisuutta. Viro muistuttaa olemukseltaan ja kielellisesti Suomea, ja virolaisten seurassa on helppo viihty\u00e4.<\/p>\n<p>Virolaiset ovat kielitaitoisia ja kohteliaita. L\u00e4\u00e4k\u00e4rit, sairaanhoitajat ja muu hoitohenkil\u00f6st\u00f6 osaavat suomea. Suurella osalla hoitohenkil\u00f6st\u00f6\u00e4 on laajaa kokemusta suomalaisten potilaiden hoitamisesta, sill\u00e4 he ovat joko ty\u00f6skennelleet Suomessa tai hoitaneet suomalaisia potilaita Virossa. Sairauskertomus on useimmiten mahdollista saada suomeksi. Virossa suomella p\u00e4rj\u00e4\u00e4 my\u00f6s kaupungilla, kahviloissa ja kaupoissa.<\/p>\n<p>Laivamatka Helsingist\u00e4 Tallinnaan kest\u00e4\u00e4 vain kaksi tuntia, ja enemmist\u00f6 Medicine Estonian j\u00e4senist\u00e4 tarjoaa palveluja juuri Tallinnassa. Satamasta ja lentokent\u00e4lt\u00e4 on Tallinnan keskustaan vain muutaman minuutin ajomatka. Pieness\u00e4 maassa kaikki on l\u00e4hell\u00e4 ja my\u00f6s rauhallista, tehokasta sek\u00e4 toimivaa.<\/p>\n<p>Hoitoon tulevalla potilaalla on yleens\u00e4 matkalla mukanaan perheenj\u00e4sen tai muu l\u00e4heinen. Matkojen, majoituksen ja ruokailujen kohtuullinen hintataso sek\u00e4 monipuoliset vapaa-ajanviettomahdollisuudet tekev\u00e4t Virosta houkuttelevan terveydenhuoltopalveluja tarjoavan matkakohteen.<\/p>\n<h2>Nykyaikainen teknologia<\/h2>\n<p><strong>Innovaatio ja huipputeknologia terveydenhuollon palveluksessa<\/strong><br \/>\nLaadukas infrastruktuuri on yksi virolaisen terveydenhuollon prioriteeteista. Terveydenhuoltolaitosten ja laboratorioiden sisustus, laitteisto sek\u00e4 teknologia ovat kansainv\u00e4list\u00e4 tasoa ja usein my\u00f6s nykyaikaisemmat kuin monessa muussa eurooppalaisessa maassa. Uusi teknologia tekee hoidosta miellytt\u00e4v\u00e4mp\u00e4\u00e4 potilaalle, on tehokkaampaa sek\u00e4 helpottaa ja nopeuttaa kanssak\u00e4ymist\u00e4 hoitohenkil\u00f6kunnan kanssa.<\/p>\n<p>Viro on potilaskeskeisen terveydenhuollon osaaja. Uudet osaamisalat, kuten toiminnallisen kudoksen luomiseen pyrkiv\u00e4t regeneratiivinen l\u00e4\u00e4ketiede ja kudosl\u00e4\u00e4ketiede, telel\u00e4\u00e4ketiede sek\u00e4 s\u00e4hk\u00f6iset palvelut, ovat osa arkea. Virossa on my\u00f6s geenitutkimukseen keskittynyt genomikeskus. Virossa on k\u00e4yt\u00f6ss\u00e4 maailmassa ainutlaatuinen, koko maan kattava s\u00e4hk\u00f6inen terveydenhuoltoj\u00e4rjestelm\u00e4, jonka avulla varmistetaan diagnoosin tulosten turvallinen v\u00e4litys kaikille tarvittaville asiantuntijoille nopeasti ja samanaikaisesti. N\u00e4in varmistuu potilaan monialainen hoito, josta puhutaan maailmalla paljon, mutta jota kuitenkin k\u00e4ytet\u00e4\u00e4n viel\u00e4 v\u00e4h\u00e4n. S\u00e4hk\u00f6isi\u00e4 l\u00e4hetteit\u00e4 ja s\u00e4hk\u00f6ist\u00e4 konsultaatiota k\u00e4ytet\u00e4\u00e4n Virossa p\u00e4ivitt\u00e4in. Vuonna 2013 jopa 97% resepteist\u00e4 oli digitaalisia. My\u00f6s Suomen on tarkoitus ottaa k\u00e4ytt\u00f6\u00f6n Viron j\u00e4rjestelm\u00e4\u00e4 vastaavat s\u00e4hk\u00f6iset terveydenhuoltopalvelut (Viron s\u00e4hk\u00f6inen palveluv\u00e4yl\u00e4 X-tie).<\/p>\n<p>Viro on Euroopan johtava maa s\u00e4hk\u00f6isiss\u00e4 terveydenhuoltopalveluissa. Se ohitti Tanskan, Ruotsin ja Suomen tutkimuksessa, johon osallistui 30 eurooppalaista maata. Langaton internet-yhteys, Virosta l\u00e4ht\u00f6isin oleva Skype, web- kamerat sek\u00e4 muut tekniset laitteet ovat osa terveydenhuollon arkea Virossa. Ne helpottavat yhteydenpitoa potilaan, potilaan l\u00e4heisten sek\u00e4 hoitohenkil\u00f6kunnan v\u00e4lill\u00e4. Potilas saa diagnoosia ja hoitoa koskevat tiedot mukaansa tarvittaessa my\u00f6s tallennettuna CD:lle tai muistitikulle.<\/p>\n<h2>Laadukas ja toimiva terveydenhuoltoj\u00e4rjestelm\u00e4<\/h2>\n<p><strong>Virolaisen terveydenhuoltoj\u00e4rjestelm\u00e4n laatu ja joustavuus on eurooppalaista huipputasoa<\/strong><br \/>\nPieness\u00e4 maassa jokainen potilas on l\u00e4\u00e4k\u00e4rilleen t\u00e4rke\u00e4. Kohtelias ja asiallinen suhtautuminen potilaaseen, l\u00e4pin\u00e4kyv\u00e4 hinnoittelu sek\u00e4 potilaan parasta silm\u00e4ll\u00e4 pit\u00e4en viritetyt hoidot ovat ominaisia Viron terveydenhuoltoj\u00e4rjestelm\u00e4lle. Virossa terveydenhuollon laadulle asetetaan korkeat vaatimukset. Jokainen yksityiskohta on loppuun saakka harkittu ja s\u00e4\u00e4nnelty sek\u00e4 Viron oman lains\u00e4\u00e4d\u00e4nn\u00f6n ett\u00e4 Euroopan unionin direktiivien nojalla.<\/p>\n<p>Hoitotulosten puolesta Viro kuuluu terveydenhuoltoalan johtavien maiden joukkoon Suomen, Norjan, Ruotsin ja Islannin ohella. Muiden kuin syd\u00e4nleikkausten osalta, leikkaustenj\u00e4lkeisen elini\u00e4n pidentyminen on Virossa Euroopan viiden parhaan maan joukossa. Lapsikuolleisuuden alhaisuuden osalta Viro on kymmenen parhaan maan joukossa. Virolaiset laboratoriot ja diagnostiikkakeskukset t\u00e4ytt\u00e4v\u00e4t ISO-standardin laatuvaatimukset. Paikalliset terveydenhuoltoalan laitokset ovat p\u00e4rj\u00e4nneet eritt\u00e4in hyvin EU:n standardien mukaisissa johtamisen laatua koskevissa vertailuissa.<br \/>\nPieni maa on samalla my\u00f6s joustava ja pystyy tarjoamaan potilaskohtaista hoitoa. Tavoitteena on tarjota mahdollisimman laadukasta ja todellisia tarpeita vastaavaa terveydenhuoltopalvelua. Virossa kiinnitet\u00e4\u00e4n erityist\u00e4 huomiota yst\u00e4v\u00e4lliseen ja v\u00e4litt\u00f6m\u00e4\u00e4n kanssak\u00e4ymiseen potilaan kanssa, ja sopimuksista pidet\u00e4\u00e4n kiinni. Ajanvaraus on nopeaa, ja ajan saa palvelusta sek\u00e4 palveluntarjoajasta riippuen, joko muutaman p\u00e4iv\u00e4n tai viikon kuluessa \u2013 usein my\u00f6s samalle tai seuraavalle p\u00e4iv\u00e4lle.<\/p>\n<h2>Medicine Estonia takaa laadun<\/h2>\n<p><strong>Viroon hoitoon\u2013 varmaa, mukavaa ja helppoa<\/strong><br \/>\nMedicine Estonia -palvelu yhdist\u00e4\u00e4 Viron parhaat ja tunnetuimmat terveydenhoitopalvelujen tarjoajat. Heid\u00e4t tunnetaan huipputason hoidosta, edistyksellisyydest\u00e4 sek\u00e4 huolehtivaisesta suhtautumisesta potilaaseen. Useat niist\u00e4 ovat palvelleet suomalaisia asiakkaita jo yli kymmenen vuoden ajan. Klusterin j\u00e4senten tasokkaaseen palveluvalikoimaan sis\u00e4ltyv\u00e4t l\u00e4hes kaikki erikoisalat.<\/p>\n<p>K\u00e4yt\u00e4nn\u00f6n hoitotiedusteluissa ohjaamme potilaita ja v\u00e4litt\u00e4ji\u00e4 ottamaan yhteytt\u00e4 suoraan j\u00e4senyrityksiin. Yhteispalveluun kuuluvissa hoitoalan yrityksiss\u00e4 ty\u00f6skentelee suomea tai englantia osaava henkil\u00f6kunta, joka vastaa kysymyksiin, esittelee hoitomahdollisuuksia, ehtoja ja l\u00e4\u00e4k\u00e4reit\u00e4, vastaa hintatiedusteluihin ja antaa muuta tietoa.<\/p>\n<table>\n<tbody>\n<tr>\n<td style=\"padding:12px;\">\n<h2>5 vaihetta:<\/h2>\n<p><strong>Mik\u00e4li haluatte hoitoa, vaihtoehtoisen diagnoosin tai terveystarkastuksen:<\/strong><br \/>\n\u2022 Tutustukaa verkkosivustoon www.medicineestonia.eu.<br \/>\n\u2022 Valitkaa <a href=\"https:\/\/www.medicineestonia.eu\/fi\/hoitopalvelut\/\">terveydenhoitopalvelu<\/a>.<br \/>\n\u2022 Valitkaa mieleisenne palveluntarjoajat.<br \/>\n\u2022 Ottakaa heihin suoraan yhteytt\u00e4.<br \/>\n\u2022 Tiedusteluunne vastataan parin arkip\u00e4iv\u00e4n kuluessa.<\/td>\n<td style=\"padding:12px;\">\n<h2>3 vaihetta:<\/h2>\n<p><strong>Mik\u00e4li olette kiinnostuneita yhteisty\u00f6st\u00e4 virolaisten palveluntarjoajien kanssa:<\/strong><br \/>\n\u2022 Tutustukaa verkkosivustoon www.medicineestonia.eu.<br \/>\n\u2022 Ottakaa yhteytt\u00e4 yhteyspalvelun edustajaan.<br \/>\n\u2022 Osallistukaa Medicine Estonian j\u00e4rkest\u00e4m\u00e4lle vierailulle.<\/td>\n<\/tr>\n<\/tbody>\n<\/table>\n<p><\/p>","protected":false},"excerpt":{"rendered":"<p>Korkealaatuisia l\u00e4\u00e4ketieteellisi\u00e4 palveluja tutussa Virossa Potilas voi nyky\u00e4\u00e4n itse valita terveyspalvelunsa tarjoajan. Valtioiden rajojen merkitys t\u00e4t\u00e4 valintaa teht\u00e4ess\u00e4 v\u00e4henee jatkuvasti. Sek\u00e4 kansallinen lains\u00e4\u00e4d\u00e4nt\u00f6, ja ett\u00e4 my\u00f6s Euroopan unionin potilasdirektiivi, tukevat hoitoon hakeutumista ulkomailla. Ulkomaisista hoitomahdollisuuksista kiinnostuneille suomalaisille Viro on j\u00e4rkev\u00e4 valinta. Suomesta k\u00e4sin Virossa k\u00e4yd\u00e4\u00e4n terveystarkastuksissa, hammashoidossa, silm\u00e4leikkauksissa, hoitamassa ylipaino-ongelmia sek\u00e4 lonkkaproteesileikkauksessa \u2013 ja n\u00e4m\u00e4 [&hellip;]<\/p>\n","protected":false},"author":8,"featured_media":0,"parent":0,"menu_order":5,"comment_status":"open","ping_status":"open","template":"","meta":{"_aioseo_title":"","_aioseo_description":"","footnotes":""},"class_list":["post-217","page","type-page","status-publish"],"_links":{"self":[{"href":"https:\/\/www.medicineestonia.eu\/fi\/wp-json\/wp\/v2\/pages\/217","targetHints":{"allow":["GET"]}}],"collection":[{"href":"https:\/\/www.medicineestonia.eu\/fi\/wp-json\/wp\/v2\/pages"}],"about":[{"href":"https:\/\/www.medicineestonia.eu\/fi\/wp-json\/wp\/v2\/types\/page"}],"author":[{"embeddable":true,"href":"https:\/\/www.medicineestonia.eu\/fi\/wp-json\/wp\/v2\/users\/8"}],"replies":[{"embeddable":true,"href":"https:\/\/www.medicineestonia.eu\/fi\/wp-json\/wp\/v2\/comments?post=217"}],"version-history":[{"count":51,"href":"https:\/\/www.medicineestonia.eu\/fi\/wp-json\/wp\/v2\/pages\/217\/revisions"}],"predecessor-version":[{"id":7901,"href":"https:\/\/www.medicineestonia.eu\/fi\/wp-json\/wp\/v2\/pages\/217\/revisions\/7901"}],"wp:attachment":[{"href":"https:\/\/www.medicineestonia.eu\/fi\/wp-json\/wp\/v2\/media?parent=217"}],"curies":[{"name":"wp","href":"https:\/\/api.w.org\/{rel}","templated":true}]}}