{"id":4429,"date":"2015-01-22T22:25:00","date_gmt":"2015-01-22T22:25:00","guid":{"rendered":"http:\/\/www.medicineestonia.eu\/?page_id=4429"},"modified":"2015-01-22T22:25:50","modified_gmt":"2015-01-22T22:25:50","slug":"v-presse","status":"publish","type":"page","link":"https:\/\/www.medicineestonia.eu\/fi\/avaleht\/v-presse\/","title":{"rendered":"(\u0420\u0443\u0441\u0441\u043a\u0438\u0439) \u0412 \u043f\u0440\u0435\u0441\u0441\u0435"},"content":{"rendered":"<p class=\"qtranxs-available-languages-message qtranxs-available-languages-message-fi\">Anteeksi, mutta t\u00e4m\u00e4 kirjoitus on saatavana ainoastaan n\u00e4ill\u00e4 kielill\u00e4: <a href=\"https:\/\/www.medicineestonia.eu\/ru\/wp-json\/wp\/v2\/pages\/4429\" class=\"qtranxs-available-language-link qtranxs-available-language-link-ru\" title=\"\u0420\u0443\u0441\u0441\u043a\u0438\u0439\">\u0420\u0443\u0441\u0441\u043a\u0438\u0439<\/a>.<\/p>","protected":false},"excerpt":{"rendered":"<p>Anteeksi, mutta t\u00e4m\u00e4 kirjoitus on saatavana ainoastaan n\u00e4ill\u00e4 kielill\u00e4: \u0420\u0443\u0441\u0441\u043a\u0438\u0439.<\/p>\n","protected":false},"author":1,"featured_media":0,"parent":5,"menu_order":6,"comment_status":"open","ping_status":"open","template":"","meta":{"_aioseo_title":"","_aioseo_description":"","footnotes":""},"class_list":["post-4429","page","type-page","status-publish"],"_links":{"self":[{"href":"https:\/\/www.medicineestonia.eu\/fi\/wp-json\/wp\/v2\/pages\/4429","targetHints":{"allow":["GET"]}}],"collection":[{"href":"https:\/\/www.medicineestonia.eu\/fi\/wp-json\/wp\/v2\/pages"}],"about":[{"href":"https:\/\/www.medicineestonia.eu\/fi\/wp-json\/wp\/v2\/types\/page"}],"author":[{"embeddable":true,"href":"https:\/\/www.medicineestonia.eu\/fi\/wp-json\/wp\/v2\/users\/1"}],"replies":[{"embeddable":true,"href":"https:\/\/www.medicineestonia.eu\/fi\/wp-json\/wp\/v2\/comments?post=4429"}],"version-history":[{"count":0,"href":"https:\/\/www.medicineestonia.eu\/fi\/wp-json\/wp\/v2\/pages\/4429\/revisions"}],"up":[{"embeddable":true,"href":"https:\/\/www.medicineestonia.eu\/fi\/wp-json\/wp\/v2\/pages\/5"}],"wp:attachment":[{"href":"https:\/\/www.medicineestonia.eu\/fi\/wp-json\/wp\/v2\/media?parent=4429"}],"curies":[{"name":"wp","href":"https:\/\/api.w.org\/{rel}","templated":true}]}}