{"id":488,"date":"2013-03-19T19:26:16","date_gmt":"2013-03-19T19:26:16","guid":{"rendered":"http:\/\/www.medicineestonia.eu\/\/?page_id=488"},"modified":"2018-01-07T14:03:15","modified_gmt":"2018-01-07T12:03:15","slug":"medicine-estonia","status":"publish","type":"page","link":"https:\/\/www.medicineestonia.eu\/fi\/avaleht\/medicine-estonia\/","title":{"rendered":"Medicine Estonia"},"content":{"rendered":"<p><iframe loading=\"lazy\" width=\"480\" height=\"360\" src=\"\/\/www.youtube.com\/embed\/DERW5bsQzgQ?rel=0\" frameborder=\"0\" allowfullscreen><\/iframe><\/p>\n<p>Sairaanhoito- ja terveydenhuoltopalvelujen hankkiminen sek\u00e4 niiden markkinointi EU:ssa yli maanrajojen muuttui vuoden 2014 alussa, jolloin EU:n potilasdirektiivi\u00e4 ryhdyttiin soveltamaan my\u00f6s Suomessa.<\/p>\n<p>EU:n kansalaisilla on nyt oikeus matkustaa toiseen j\u00e4senvaltioon ja hakea sielt\u00e4 tarvitsemiaan terveyspalveluja. Direktiivin mukaan t\u00e4llaisen henkil\u00f6n sairaanhoitokustannukset on korvattava kuten kotimaassakin saadusta hoidosta korvattaisiin. Potilas maksaa hoitokustannukset ensin itse ja hakee niihin liittyv\u00e4n korvauksen j\u00e4lkik\u00e4teen kotimaansa viranomaisilta.<\/p>\n<p>Medicine Estonia on virolaisten sairaanhoito- ja terveydenhuoltopalveluita tarjoavien yritysten yhteispalvelu. Sen kautta saa tietoja Virossa tarjottavista terveydenhoitopalveluista ja palveluntarjoajista. J\u00e4senyritysten ja niiden ty\u00f6ntekij\u00f6iden esittelysivut ohjaavat kysyj\u00e4n eteenp\u00e4in varsinaisen palveluntarjoajan luo.<br \/>\nMedicine Estonia j\u00e4rjest\u00e4\u00e4 yhteismarkkinointia, luo ja v\u00e4litt\u00e4\u00e4 kontakteja, tekee yhteisty\u00f6t\u00e4 kumppaniensa kanssa sek\u00e4 ker\u00e4\u00e4 ja v\u00e4litt\u00e4\u00e4 paikallisyrityksille tietoa muiden maiden terveysmarkkinoista. Lis\u00e4tietoja: &#8221;<a href=\"https:\/\/www.medicineestonia.eu\/fi\/yhteispalvelun-toiminta\/\" target=\"_blank\">Yhteispalvelun toiminta<\/a>&#8221;, &#8221;<a href=\"https:\/\/www.medicineestonia.eu\/fi\/hoitopalvelut\/\" target=\"_blank\">Hoitopalvelut<\/a>&#8221; ja &#8221;<a href=\"https:\/\/www.medicineestonia.eu\/fi\/hoitopalvelut\/palvelutarjoajat\/\" target=\"_blank\">Palveluntarjoajat<\/a>&#8221;.<\/p>\n<p>Medicine Estonia ei ole varsinaisten palvelujen v\u00e4litt\u00e4j\u00e4, ajanvaraaja eik\u00e4 ota korvausta palveluistaan. Medicine Estonia klusteri yhdist\u00e4\u00e4 Viron terveydenhuoltopalvelujen tarjoajat, jotka hoitavat ulkomailta saapuvia potilaita. Klusteria rahoitti osittain Viron elinkeinoel\u00e4m\u00e4n edist\u00e4miss\u00e4\u00e4ti\u00f6 EAS Euroopan unionin aluekehitysrahastosta. Hankkeen aloitusp\u00e4iv\u00e4 oli 1.5.2012, ja p\u00e4\u00e4ttymisp\u00e4iv\u00e4 oli 31.12.2014. <\/p>\n<p>Terveydenhoitopalveluiden vienti ei ole uusi ilmi\u00f6 Virossa. Esimerkiksi traumatologian tohtori, kirurgi Arnold Seppo sek\u00e4 syd\u00e4nkirurgi tri Toomas-Andres Sulling olivat jo vuosia sitten tunnustettuja alojensa erikoisasiantuntijoita, joiden luo tultiin muun muassa Suomesta ja Ven\u00e4j\u00e4lt\u00e4. Luottamus virolaisiin l\u00e4\u00e4k\u00e4reihin on nykyisinkin vahva, ja useat ulkomaalaiset potilaat k\u00e4yv\u00e4t hoidossa juuri Virossa. Lukuisat virolaisl\u00e4\u00e4k\u00e4rit ty\u00f6skentelev\u00e4t my\u00f6s Suomessa. Politiikantutkimuskeskus PRAXIS ja Viron kehitysrahasto ovat yhteisty\u00f6ss\u00e4 tehneet tutkimuksen terveys- ja hyvinvointipalveluiden vientimahdollisuuksista. Se vahvistaa, ett\u00e4 Viron terveydenhuolto, asiantuntevat l\u00e4\u00e4k\u00e4rit ja hoitohenkil\u00f6kunta, nykyaikainen tekniikka sek\u00e4 hintaetu luovat hyv\u00e4t edellytykset sairaanhoitopalveluiden viennin kasvulle. Lis\u00e4ksi Viro on houkutteleva ja kohtuuhintainen maa sek\u00e4 potilaille ett\u00e4 heid\u00e4n l\u00e4heisilleen.<\/p>","protected":false},"excerpt":{"rendered":"<p>Sairaanhoito- ja terveydenhuoltopalvelujen hankkiminen sek\u00e4 niiden markkinointi EU:ssa yli maanrajojen muuttui vuoden 2014 alussa, jolloin EU:n potilasdirektiivi\u00e4 ryhdyttiin soveltamaan my\u00f6s Suomessa. EU:n kansalaisilla on nyt oikeus matkustaa toiseen j\u00e4senvaltioon ja hakea sielt\u00e4 tarvitsemiaan terveyspalveluja. Direktiivin mukaan t\u00e4llaisen henkil\u00f6n sairaanhoitokustannukset on korvattava kuten kotimaassakin saadusta hoidosta korvattaisiin. Potilas maksaa hoitokustannukset ensin itse ja hakee niihin liittyv\u00e4n [&hellip;]<\/p>\n","protected":false},"author":8,"featured_media":0,"parent":5,"menu_order":0,"comment_status":"open","ping_status":"open","template":"","meta":{"_aioseo_title":"","_aioseo_description":"","footnotes":""},"class_list":["post-488","page","type-page","status-publish"],"_links":{"self":[{"href":"https:\/\/www.medicineestonia.eu\/fi\/wp-json\/wp\/v2\/pages\/488","targetHints":{"allow":["GET"]}}],"collection":[{"href":"https:\/\/www.medicineestonia.eu\/fi\/wp-json\/wp\/v2\/pages"}],"about":[{"href":"https:\/\/www.medicineestonia.eu\/fi\/wp-json\/wp\/v2\/types\/page"}],"author":[{"embeddable":true,"href":"https:\/\/www.medicineestonia.eu\/fi\/wp-json\/wp\/v2\/users\/8"}],"replies":[{"embeddable":true,"href":"https:\/\/www.medicineestonia.eu\/fi\/wp-json\/wp\/v2\/comments?post=488"}],"version-history":[{"count":51,"href":"https:\/\/www.medicineestonia.eu\/fi\/wp-json\/wp\/v2\/pages\/488\/revisions"}],"predecessor-version":[{"id":7881,"href":"https:\/\/www.medicineestonia.eu\/fi\/wp-json\/wp\/v2\/pages\/488\/revisions\/7881"}],"up":[{"embeddable":true,"href":"https:\/\/www.medicineestonia.eu\/fi\/wp-json\/wp\/v2\/pages\/5"}],"wp:attachment":[{"href":"https:\/\/www.medicineestonia.eu\/fi\/wp-json\/wp\/v2\/media?parent=488"}],"curies":[{"name":"wp","href":"https:\/\/api.w.org\/{rel}","templated":true}]}}