{"id":5,"date":"2013-02-15T11:13:12","date_gmt":"2013-02-15T11:13:12","guid":{"rendered":"http:\/\/www.medicineestonia.eu\/\/?page_id=5"},"modified":"2018-01-07T14:01:19","modified_gmt":"2018-01-07T12:01:19","slug":"avaleht","status":"publish","type":"page","link":"https:\/\/www.medicineestonia.eu\/fi\/","title":{"rendered":"Etusivu"},"content":{"rendered":"<p><strong>Korkeatasoiset hoitopalvelut, lyhyet hoitojonot, hyv\u00e4 hinta-laatusuhde \u2013 tutustu hoitomahdollisuuksiin Virossa!<\/strong> EU-potilasdirektiivin l\u00e4ht\u00f6kohtana on, ett\u00e4 terveyspalveluja saa hakea vapaasti toisesta EU-maasta. Potilaalla on lis\u00e4ksi oikeus hoitokustannusten korvaukseen samoin perustein kuin jos hoito olisi annettu potilaan kotimaassa.<\/p>\n<p><\/p>","protected":false},"excerpt":{"rendered":"<p>Korkeatasoiset hoitopalvelut, lyhyet hoitojonot, hyv\u00e4 hinta-laatusuhde \u2013 tutustu hoitomahdollisuuksiin Virossa! EU-potilasdirektiivin l\u00e4ht\u00f6kohtana on, ett\u00e4 terveyspalveluja saa hakea vapaasti toisesta EU-maasta. Potilaalla on lis\u00e4ksi oikeus hoitokustannusten korvaukseen samoin perustein kuin jos hoito olisi annettu potilaan kotimaassa.<\/p>\n","protected":false},"author":1,"featured_media":1486,"parent":0,"menu_order":1,"comment_status":"open","ping_status":"open","template":"","meta":{"_aioseo_title":"","_aioseo_description":"","footnotes":""},"class_list":["post-5","page","type-page","status-publish","has-post-thumbnail"],"_links":{"self":[{"href":"https:\/\/www.medicineestonia.eu\/fi\/wp-json\/wp\/v2\/pages\/5","targetHints":{"allow":["GET"]}}],"collection":[{"href":"https:\/\/www.medicineestonia.eu\/fi\/wp-json\/wp\/v2\/pages"}],"about":[{"href":"https:\/\/www.medicineestonia.eu\/fi\/wp-json\/wp\/v2\/types\/page"}],"author":[{"embeddable":true,"href":"https:\/\/www.medicineestonia.eu\/fi\/wp-json\/wp\/v2\/users\/1"}],"replies":[{"embeddable":true,"href":"https:\/\/www.medicineestonia.eu\/fi\/wp-json\/wp\/v2\/comments?post=5"}],"version-history":[{"count":76,"href":"https:\/\/www.medicineestonia.eu\/fi\/wp-json\/wp\/v2\/pages\/5\/revisions"}],"predecessor-version":[{"id":7879,"href":"https:\/\/www.medicineestonia.eu\/fi\/wp-json\/wp\/v2\/pages\/5\/revisions\/7879"}],"wp:featuredmedia":[{"embeddable":true,"href":"https:\/\/www.medicineestonia.eu\/fi\/wp-json\/wp\/v2\/media\/1486"}],"wp:attachment":[{"href":"https:\/\/www.medicineestonia.eu\/fi\/wp-json\/wp\/v2\/media?parent=5"}],"curies":[{"name":"wp","href":"https:\/\/api.w.org\/{rel}","templated":true}]}}