{"id":505,"date":"2013-03-19T19:52:39","date_gmt":"2013-03-19T19:52:39","guid":{"rendered":"http:\/\/www.medicineestonia.eu\/\/?page_id=505"},"modified":"2023-03-25T15:03:47","modified_gmt":"2023-03-25T13:03:47","slug":"klastri-tegevus","status":"publish","type":"page","link":"https:\/\/www.medicineestonia.eu\/fi\/klastri-tegevus\/","title":{"rendered":"Yhteispalvelu"},"content":{"rendered":"<p>Yhteispalvelu Medicine Estonia auttaa ulkomaalaisia eturyhmi\u00e4 l\u00f6yt\u00e4m\u00e4\u00e4n palveluntarjoajia ja kumppaneita Viron terveydenhoitopalveluiden tarjoajien joukosta. Se luo ja v\u00e4litt\u00e4\u00e4 kontakteja, esittelee j\u00e4seniens\u00e4 tarjoamia palveluita potilaille, v\u00e4litt\u00e4jille ja mahdollisille muille yhteisty\u00f6kumppaneille. Yhteispalvelun t\u00e4rkeimpi\u00e4 teht\u00e4vi\u00e4 on markkinoida j\u00e4sentens\u00e4 palveluita kohdemarkkinoilla sek\u00e4 lis\u00e4t\u00e4 virolaisten palveluntarjoajien tunnettuutta seuraavin keinoin:<\/p>\n<p><b>1. Vierailujen j\u00e4rjest\u00e4minen palveluntarjoajien luo.<\/b><br \/>\nMedicine Estonia j\u00e4rjest\u00e4\u00e4 vierailuja kaikkien j\u00e4sentens\u00e4 luo \u2013 sek\u00e4 yksityisell\u00e4 ett\u00e4 julkisella sektorilla toimiville klinikoille, sairaaloihin, laboratorioihin ja erityishoitolaitoksiin. Yhteispalvelu esittelee my\u00f6s Virossa tarjottavia, eurooppalaista laatua vastaavia palveluita, maailmanluokan laitteita sek\u00e4nykyaikaisia palveluolosuhteita. Medicine Estonia j\u00e4rjest\u00e4\u00e4 my\u00f6s virolaisille terveyspalveluosaajille vierailumatkoja ulkomaisille klinikoille. Mik\u00e4li haluatte esitell\u00e4 klinikkaanne, sairaalaa tai terveyskeskusta virolaisille palveluntarjoajille, olkaa hyv\u00e4 ja ottakaa yhteytt\u00e4 Medicine Estonian henkil\u00f6kuntaan. My\u00f6s terveyspalveluista kiinnostuneiden v\u00e4litt\u00e4j\u00e4ien ja matkailuyritt\u00e4jien yhteydenotot ovat tervetulleita.<\/p>\n<p><b>2. Konferenssien j\u00e4rjest\u00e4minen ja niihin osallistuminen.<\/b><br \/>\nMedicine Estonia j\u00e4rjest\u00e4\u00e4 j\u00e4seniens\u00e4 palveluita esittelevi\u00e4 markkinointitapahtumia, seminaareja ja konferensseja sek\u00e4 rajatuille kohderyhmille ett\u00e4 suurelle yleis\u00f6lle.<\/p>\n<p><b>3. Tapaamisten j\u00e4rjest\u00e4minen yhteisty\u00f6kumppaneiden kanssa.<\/b><br \/>\nTutustu &#8221;<a href=\"https:\/\/www.medicineestonia.eu\/fi\/yhteispalvelun-toiminta\/yhteistyokumppanit\/\" target=\"_blank\" rel=\"noopener noreferrer\">Yhteisty\u00f6kumppanit<\/a>&#8221;.<br \/>\nTutustu &#8221;<a href=\"https:\/\/www.medicineestonia.eu\/fi\/hoitopalvelut\/palvelutarjoajat\/\" target=\"_blank\" rel=\"noopener noreferrer\">Palvelutarjoajat<\/a>&#8221;.<br \/>\nMedicine Estonia auttaa l\u00f6yt\u00e4m\u00e4\u00e4n sopivat yhteisty\u00f6kumppanit virolaisten palveluntarjoajien joukosta, mutta lopullisen valinnan tekee jokainen \u2013 niin hoitoyksikk\u00f6 kuin potilaskin \u2013 itse. Yhteispalvelu ei ole potilaiden v\u00e4litt\u00e4j\u00e4 eik\u00e4 ota korvausta palveluistaan.<\/p>","protected":false},"excerpt":{"rendered":"<p>Yhteispalvelu Medicine Estonia auttaa ulkomaalaisia eturyhmi\u00e4 l\u00f6yt\u00e4m\u00e4\u00e4n palveluntarjoajia ja kumppaneita Viron terveydenhoitopalveluiden tarjoajien joukosta. Se luo ja v\u00e4litt\u00e4\u00e4 kontakteja, esittelee j\u00e4seniens\u00e4 tarjoamia palveluita potilaille, v\u00e4litt\u00e4jille ja mahdollisille muille yhteisty\u00f6kumppaneille. Yhteispalvelun t\u00e4rkeimpi\u00e4 teht\u00e4vi\u00e4 on markkinoida j\u00e4sentens\u00e4 palveluita kohdemarkkinoilla sek\u00e4 lis\u00e4t\u00e4 virolaisten palveluntarjoajien tunnettuutta seuraavin keinoin: 1. Vierailujen j\u00e4rjest\u00e4minen palveluntarjoajien luo. Medicine Estonia j\u00e4rjest\u00e4\u00e4 vierailuja kaikkien j\u00e4sentens\u00e4 [&hellip;]<\/p>\n","protected":false},"author":8,"featured_media":0,"parent":0,"menu_order":2,"comment_status":"open","ping_status":"open","template":"","meta":{"_aioseo_title":"","_aioseo_description":"","footnotes":""},"class_list":["post-505","page","type-page","status-publish"],"_links":{"self":[{"href":"https:\/\/www.medicineestonia.eu\/fi\/wp-json\/wp\/v2\/pages\/505","targetHints":{"allow":["GET"]}}],"collection":[{"href":"https:\/\/www.medicineestonia.eu\/fi\/wp-json\/wp\/v2\/pages"}],"about":[{"href":"https:\/\/www.medicineestonia.eu\/fi\/wp-json\/wp\/v2\/types\/page"}],"author":[{"embeddable":true,"href":"https:\/\/www.medicineestonia.eu\/fi\/wp-json\/wp\/v2\/users\/8"}],"replies":[{"embeddable":true,"href":"https:\/\/www.medicineestonia.eu\/fi\/wp-json\/wp\/v2\/comments?post=505"}],"version-history":[{"count":62,"href":"https:\/\/www.medicineestonia.eu\/fi\/wp-json\/wp\/v2\/pages\/505\/revisions"}],"predecessor-version":[{"id":8339,"href":"https:\/\/www.medicineestonia.eu\/fi\/wp-json\/wp\/v2\/pages\/505\/revisions\/8339"}],"wp:attachment":[{"href":"https:\/\/www.medicineestonia.eu\/fi\/wp-json\/wp\/v2\/media?parent=505"}],"curies":[{"name":"wp","href":"https:\/\/api.w.org\/{rel}","templated":true}]}}