{"id":512,"date":"2013-03-19T19:59:02","date_gmt":"2013-03-19T19:59:02","guid":{"rendered":"http:\/\/www.medicineestonia.eu\/\/?page_id=512"},"modified":"2015-01-22T22:47:07","modified_gmt":"2015-01-22T22:47:07","slug":"eestist","status":"publish","type":"page","link":"https:\/\/www.medicineestonia.eu\/fi\/treatment-in-estonia\/eestist\/","title":{"rendered":"K\u00e4yt\u00e4nn\u00f6n vihjeit\u00e4"},"content":{"rendered":"<p><\/p>\n<p><br \/>\nPotilas voi nyky\u00e4\u00e4n itse valita terveyspalvelunsa tarjoajan. Valtioiden rajojen merkitys t\u00e4t\u00e4 valintaa teht\u00e4ess\u00e4 v\u00e4henee jatkuvasti. Sek\u00e4 kansallinen ett\u00e4 Euroopan Unionin lains\u00e4\u00e4d\u00e4nt\u00f6 mahdollistavat hoitoon hakemisen ulkomailla. <\/p>\n<h3>Hoitoon hakeutuminen<\/h3>\n<p>Hoitoon hakeutumisella tarkoitetaan tilannetta, jossa asiakas matkustaa toiseen maahan tarkoituksenaan hakea ja saada hoitoa sairauteensa. Jos matkustat ulkomaille tarkoituksenasi saada sairaanhoitoa, sinuun sovelletaan erilaisia s\u00e4\u00e4nt\u00f6j\u00e4 kuin silloin jos tarvitset \u00e4killisesti sairaanhoitoa ulkomailla. <\/p>\n<h3>Hoitoon hakeutuminen ja korvaukset ilman ennakkolupaa<\/h3>\n<p>Laki rajat ylitt\u00e4v\u00e4st\u00e4 terveydenhuollosta tuli Suomessa voimaan 1.1.2014 alkaen, ja sill\u00e4 toimeenpantiin Euroopan unionin potilasdirektiivi. Potilasdirektiivi vahvistaa potilaan oikeuksia ja edellytyksi\u00e4 saada hoitoa toisessa EU:n j\u00e4senmaassa. L\u00e4ht\u00f6kohtana on, ett\u00e4 potilas saa hakea vapaasti terveyspalveluja toisesta EU-maasta. Potilaalla on lis\u00e4ksi oikeus hoitokustannusten korvaukseen samoin perustein kuin jos hoito olisi annettu potilaan kotimaassa.<\/p>\n<p>Lain perusteella Suomessa sairausvakuutetut henkil\u00f6t sek\u00e4 henkil\u00f6t, joilla on Suomessa kotikunta, voivat hakeutua hoitoon Suomesta toiseen EU-maahan. Kustannuksista on oikeus saada korvauksia j\u00e4lkik\u00e4teen Kelasta. Jos potilas on hakeutunut itse ulkomaille hoitoon, h\u00e4nell\u00e4 on oikeus saada hoitokustannuksista sairaanhoitokorvauksia (nk. Kela-korvaus) samaan tapaan kuin Suomen yksityisess\u00e4 terveydenhuollossa annetusta hoidosta.<\/p>\n<p>Jos omatoiminen hoitoon hakeutuminen EU-valtioon on tapahtunut 1.1.2014 tai sen j\u00e4lkeen, Kelasta voi saada korvausta my\u00f6s matkakustannuksista. Korvaus my\u00f6nnet\u00e4\u00e4n siten kuin matka olisi tehty l\u00e4himp\u00e4\u00e4n hoitopaikkaan Suomessa, jossa asiakas saisi tarpeellisen tutkimuksen tai hoidon.<\/p>\n<h3>Ennakkoluvalla hoitoon hakeutuminen ja korvaukset<\/h3>\n<p>Ulkomaille voi hakeutua hoitoon my\u00f6s ennakkoluvalla. <\/p>\n<p>Ennakkoluvallisesta hoitoon hakeutumisesta s\u00e4\u00e4det\u00e4\u00e4n sosiaaliturvan yhteensovittamisesta annetuissa EU-asetuksissa 883\/2004 ja 987\/2009. Kansallisesti ennakkoluvallisesta hoitoon hakeutumisesta s\u00e4\u00e4det\u00e4\u00e4n 1.1.2014 voimaan tulleessa laissa rajat ylitt\u00e4v\u00e4st\u00e4 terveydenhuollosta. <\/p>\n<p>Suomessa Kela k\u00e4sittelee hoitoon hakeutumisen ennakkolupahakemukset. Jos Kela my\u00f6nt\u00e4\u00e4 sinulle ennakkoluvan (maksusitoumuksen), se my\u00f6s vastaa kaikista hoidon kustannuksista. Kela laskuttaa j\u00e4lkik\u00e4teen hoitokustannukset lausunnon antaneelta julkisen terveydenhuollon yll\u00e4pit\u00e4j\u00e4lt\u00e4. Maksat hoidosta itse vain hoitoa antavan maan lains\u00e4\u00e4d\u00e4nn\u00f6n mukaisen asiakasmaksun. Maksusitoumus voidaan esim. my\u00f6nt\u00e4\u00e4, jos sinulle ei voida j\u00e4rjest\u00e4\u00e4 tarvitsemaasi hoitoa Suomen julkisessa terveydenhuollossa hoitotakuulains\u00e4\u00e4d\u00e4nn\u00f6n m\u00e4\u00e4r\u00e4ajassa (<a href=\"http:\/\/www.kela.fi\/documents\/10180\/1704819\/Esite_RAJA_yhteyspiste.pdf\/b7ee9e7a-267a-4584-b60f-39d4b84fa7bd\" target=\"_blank\">Rajat ylitt\u00e4v\u00e4n terveydenhuollon esite<\/a>).<\/p>\n<p>Sinulla on oikeus sairaanhoitokorvauksiin hoitoon liittyvist\u00e4 matka-, oleskelu- ja l\u00e4\u00e4kekustannuksista. My\u00f6s mahdollisen saattajan matka- ja oleskelukustannuksia korvataan. <\/p>\n<p>Voit hakea lupaa hoitoon hakeutumiseen my\u00f6s j\u00e4lkik\u00e4teen, kun olet maksanut itse hoidosta aiheutuneet kustannukset. Lue tarkemmat yksityiskohdat <a href=\"http:\/\/www.kela.fi\/hoitoon-hakeutuminen-ulkomaille_ennakkoluvalla\" target=\"_blank\">t\u00e4\u00e4lt\u00e4<\/a>.<\/p>\n<p>Koska eri hoitoja koskevat korvausperusteet ovat erilaisia, ota selv\u00e4\u00e4 hoidon Kela-korvattavuudesta jo etuk\u00e4teen.<\/p>\n<h3>Asianmukaista tietoa<\/h3>\n<p>Rajan ylitt\u00e4v\u00e4n terveydenhuollon yhteyspiste Suomessa: <a href=\"http:\/\/www.kela.fi\/yhteyspiste\" target=\"_blank\">www.kela.fi\/yhteyspiste<\/a>.<br \/>\nRajat ylitt\u00e4v\u00e4n terveydenhuollon <a href=\"http:\/\/www.kela.fi\/documents\/10180\/1704819\/Esite_RAJA_yhteyspiste.pdf\/b7ee9e7a-267a-4584-b60f-39d4b84fa7bd\" target=\"_blank\">esite<\/a>.<br \/>\nRajat ylitt\u00e4v\u00e4n terveydenhuollon yhteyspiste Virossa: <a href=\"http:\/\/kontaktpunkt.sm.ee\/fin\/tervetuloa.html\" target=\"_blank\">kontaktpunkt.sm.ee<\/a>.<br \/>\nLue lis\u00e4\u00e4 KELAn sivuilta \u201c<a href=\"http:\/\/www.kela.fi\/sairaanhoito-ulkomailla_hoitoon-hakeutuminen-ulkomaille\" target=\"_blank\">Hoitoon hakeutuminen ulkomaille<\/a>\u201c, sek\u00e4 \u201c<a href=\"http:\/\/www.kela.fi\/yhteyspiste\/ukk\" target=\"_blank\">Usein kysytyt kysymykset<\/a>\u201c.<br \/>\n<a href=\"http:\/\/www.kela.fi\/terveyspalvelut-ulkomailla\" target=\"_blank\">Miten voit k\u00e4ytt\u00e4\u00e4 terveyspalveluita ulkomailla?<\/a><br \/>\n<a href=\"http:\/\/www.kela.fi\/sairaanhoito-ulkomailla\" target=\"_blank\">Sairaanhoito kansainv\u00e4lisiss\u00e4 tilanteissa<\/a>.<br \/>\n<a href=\"http:\/\/www.kela.fi\/hoitoon-hakeutuminen-ulkomaille_ilman-ennakkolupaa\" target=\"_blank\">Hoitoon hakeutuminen ulkomaille ilman ennakkolupaa<\/a>.<br \/>\n<a href=\"http:\/\/www.kela.fi\/hoitoon-hakeutuminen-ulkomaille_ennakkoluvalla\" target=\"_blank\">Hoitoon hakeutuminen ulkomaille ennakkoluvalla<\/a>.<br \/>\n<a href=\"www.stm.fi\/potilasdirektiivi\" target=\"_blank\">Suomen sosiaali- ja terveysministeri\u00f6<\/a>.<\/p>\n<h3>Hoitoa koskevaa lis\u00e4tietoa suoraan palveluntarjoajalta<\/h3>\n<p>Kaikki l\u00e4\u00e4k\u00e4rineuvontaan, odotusaikoihin, hintoihin, maksuehtoihin, hoitoasiakirjoihin, j\u00e4lkihoitoon yms. liittyv\u00e4t kysymykset on j\u00e4rkev\u00e4\u00e4 esitt\u00e4\u00e4 suoraan palveluntarjoajalle. Medicine Estoniaan kuuluvissa terveydenhuoltoalan yrityksiss\u00e4 ty\u00f6skentelev\u00e4 henkil\u00f6kunta taitaa suomea ja\/tai englantia, esittelee eri hoitomahdollisuuksia ja -edellytyksi\u00e4, hoitavia l\u00e4\u00e4k\u00e4reit\u00e4 sek\u00e4 neuvoo potilasta kaikin tavoin. <\/p>\n<p>1. Valitse sopiva <a href=\"http:\/\/www.medicineestonia.eu\/fi\/hoitopalvelut\/\">palvelu<\/a>.<br \/>\n2. Valitse sopiva palveluntarjoaja.<br \/>\n3. Ota yhteytt\u00e4 suoraan palveluntarjoajaan.<\/p>\n<p>Kaikkien Medicine Estonia- klusteriin kuuluvien palveluntarjoajin yhteystiedot l\u00f6ytyv\u00e4t <a href=\"http:\/\/www.medicineestonia.eu\/fi\/palvelutarjoajat\/\">t\u00e4st\u00e4<\/a>.<\/p>\n<h3>Valitukset<\/h3>\n<p>Kaikki hoitoon liittyv\u00e4t valitukset ratkaistaan maassa, jossa hoito tapahtui, sen maan lains\u00e4\u00e4d\u00e4nn\u00f6n ja menettelyjen mukaisesti. Viron oikeusj\u00e4rjestelm\u00e4 toimii Euroopan unionin asetusten mukaisesti.<br \/>\nRajat ylitt\u00e4v\u00e4n terveydenhuollon yhteyspiste Virossa: <a href=\"http:\/\/kontaktpunkt.sm.ee\/fin\/tervetuloa.html\" target=\"_blank\">kontaktpunkt.sm.ee<\/a>.<\/p>\n<h3>Matkailuneuvonta<\/h3>\n<p>Lue lis\u00e4\u00e4 Viron SPA-palveluista ja n\u00e4ht\u00e4vyyksist\u00e4 t\u00e4st\u00e4: <a href=\"www.visitestonia.com\" target=\"_blank\">www.visitestonia.com<\/a> ja <a href=\"http:\/\/www.estonia.eu\" target=\"_blank\">www.estonia.eu<\/a>.<\/p>","protected":false},"excerpt":{"rendered":"<p>Potilas voi nyky\u00e4\u00e4n itse valita terveyspalvelunsa tarjoajan. Valtioiden rajojen merkitys t\u00e4t\u00e4 valintaa teht\u00e4ess\u00e4 v\u00e4henee jatkuvasti. Sek\u00e4 kansallinen ett\u00e4 Euroopan Unionin lains\u00e4\u00e4d\u00e4nt\u00f6 mahdollistavat hoitoon hakemisen ulkomailla. Hoitoon hakeutuminen Hoitoon hakeutumisella tarkoitetaan tilannetta, jossa asiakas matkustaa toiseen maahan tarkoituksenaan hakea ja saada hoitoa sairauteensa. Jos matkustat ulkomaille tarkoituksenasi saada sairaanhoitoa, sinuun sovelletaan erilaisia s\u00e4\u00e4nt\u00f6j\u00e4 kuin silloin jos [&hellip;]<\/p>\n","protected":false},"author":8,"featured_media":0,"parent":217,"menu_order":2,"comment_status":"open","ping_status":"open","template":"","meta":{"_aioseo_title":"","_aioseo_description":"","footnotes":""},"class_list":["post-512","page","type-page","status-publish"],"_links":{"self":[{"href":"https:\/\/www.medicineestonia.eu\/fi\/wp-json\/wp\/v2\/pages\/512","targetHints":{"allow":["GET"]}}],"collection":[{"href":"https:\/\/www.medicineestonia.eu\/fi\/wp-json\/wp\/v2\/pages"}],"about":[{"href":"https:\/\/www.medicineestonia.eu\/fi\/wp-json\/wp\/v2\/types\/page"}],"author":[{"embeddable":true,"href":"https:\/\/www.medicineestonia.eu\/fi\/wp-json\/wp\/v2\/users\/8"}],"replies":[{"embeddable":true,"href":"https:\/\/www.medicineestonia.eu\/fi\/wp-json\/wp\/v2\/comments?post=512"}],"version-history":[{"count":1,"href":"https:\/\/www.medicineestonia.eu\/fi\/wp-json\/wp\/v2\/pages\/512\/revisions"}],"predecessor-version":[{"id":4441,"href":"https:\/\/www.medicineestonia.eu\/fi\/wp-json\/wp\/v2\/pages\/512\/revisions\/4441"}],"up":[{"embeddable":true,"href":"https:\/\/www.medicineestonia.eu\/fi\/wp-json\/wp\/v2\/pages\/217"}],"wp:attachment":[{"href":"https:\/\/www.medicineestonia.eu\/fi\/wp-json\/wp\/v2\/media?parent=512"}],"curies":[{"name":"wp","href":"https:\/\/api.w.org\/{rel}","templated":true}]}}