{"id":514,"date":"2013-03-19T20:00:02","date_gmt":"2013-03-19T20:00:02","guid":{"rendered":"http:\/\/www.medicineestonia.eu\/\/?page_id=514"},"modified":"2015-01-22T22:31:26","modified_gmt":"2015-01-22T22:31:26","slug":"faktid","status":"publish","type":"page","link":"https:\/\/www.medicineestonia.eu\/fi\/treatment-in-estonia\/faktid\/","title":{"rendered":"Terveysfaktoja Virosta"},"content":{"rendered":"<p><br \/>\n\u2022\tL\u00e4hes 80% virolaisista arvioi maan l\u00e4\u00e4k\u00e4rien toiminnan hyv\u00e4ksi tai melko hyv\u00e4ksi vuonna 2012 tehdyss\u00e4 kyselyss\u00e4. Tulos oli kaikkien aikojen paras.<br \/>\n\u2022\t67% virolaisista oli tyytyv\u00e4isi\u00e4 tai melko tyytyv\u00e4isi\u00e4 valtiolliseen terveydenhuoltoj\u00e4rjestelm\u00e4\u00e4n vuonna 2012. Nousua edellisvuoteen oli 5 prosenttiyksikk\u00f6\u00e4.<br \/>\n\u2022\tViro on potilasturvallisuudeltaan Euroopan viiden k\u00e4rkimaan joukossa Suomen, Ruotsin, Norjan ja Islannin kanssa. (European Surgical Outcomes Study, EuSOS 2011).<br \/>\n\u2022\tViron on Suomen, Ruotsin ja Islannin kanssa Euroopan 10 pienimm\u00e4n lapsikuolleisuusriskin valtion joukossa (European Perinatal Health Report, EUROPERISTAT 2013).<\/p>","protected":false},"excerpt":{"rendered":"<p>\u2022 L\u00e4hes 80% virolaisista arvioi maan l\u00e4\u00e4k\u00e4rien toiminnan hyv\u00e4ksi tai melko hyv\u00e4ksi vuonna 2012 tehdyss\u00e4 kyselyss\u00e4. Tulos oli kaikkien aikojen paras. \u2022 67% virolaisista oli tyytyv\u00e4isi\u00e4 tai melko tyytyv\u00e4isi\u00e4 valtiolliseen terveydenhuoltoj\u00e4rjestelm\u00e4\u00e4n vuonna 2012. Nousua edellisvuoteen oli 5 prosenttiyksikk\u00f6\u00e4. \u2022 Viro on potilasturvallisuudeltaan Euroopan viiden k\u00e4rkimaan joukossa Suomen, Ruotsin, Norjan ja Islannin kanssa. (European Surgical Outcomes [&hellip;]<\/p>\n","protected":false},"author":8,"featured_media":0,"parent":217,"menu_order":3,"comment_status":"open","ping_status":"open","template":"","meta":{"_aioseo_title":"","_aioseo_description":"","footnotes":""},"class_list":["post-514","page","type-page","status-publish"],"_links":{"self":[{"href":"https:\/\/www.medicineestonia.eu\/fi\/wp-json\/wp\/v2\/pages\/514","targetHints":{"allow":["GET"]}}],"collection":[{"href":"https:\/\/www.medicineestonia.eu\/fi\/wp-json\/wp\/v2\/pages"}],"about":[{"href":"https:\/\/www.medicineestonia.eu\/fi\/wp-json\/wp\/v2\/types\/page"}],"author":[{"embeddable":true,"href":"https:\/\/www.medicineestonia.eu\/fi\/wp-json\/wp\/v2\/users\/8"}],"replies":[{"embeddable":true,"href":"https:\/\/www.medicineestonia.eu\/fi\/wp-json\/wp\/v2\/comments?post=514"}],"version-history":[{"count":19,"href":"https:\/\/www.medicineestonia.eu\/fi\/wp-json\/wp\/v2\/pages\/514\/revisions"}],"predecessor-version":[{"id":4432,"href":"https:\/\/www.medicineestonia.eu\/fi\/wp-json\/wp\/v2\/pages\/514\/revisions\/4432"}],"up":[{"embeddable":true,"href":"https:\/\/www.medicineestonia.eu\/fi\/wp-json\/wp\/v2\/pages\/217"}],"wp:attachment":[{"href":"https:\/\/www.medicineestonia.eu\/fi\/wp-json\/wp\/v2\/media?parent=514"}],"curies":[{"name":"wp","href":"https:\/\/api.w.org\/{rel}","templated":true}]}}