{"id":8058,"date":"2019-05-14T15:21:49","date_gmt":"2019-05-14T12:21:49","guid":{"rendered":"https:\/\/www.medicineestonia.eu\/?page_id=8058"},"modified":"2019-05-26T20:38:05","modified_gmt":"2019-05-26T17:38:05","slug":"trukised","status":"publish","type":"page","link":"https:\/\/www.medicineestonia.eu\/fi\/projektid\/trukised\/","title":{"rendered":"(Eesti) Tr\u00fckised"},"content":{"rendered":"<p class=\"qtranxs-available-languages-message qtranxs-available-languages-message-fi\">Anteeksi, mutta t\u00e4m\u00e4 kirjoitus on saatavana ainoastaan n\u00e4ill\u00e4 kielill\u00e4: <a href=\"https:\/\/www.medicineestonia.eu\/et\/wp-json\/wp\/v2\/pages\/8058\" class=\"qtranxs-available-language-link qtranxs-available-language-link-et\" title=\"Eesti\">Eesti<\/a>.<\/p>","protected":false},"excerpt":{"rendered":"<p>Anteeksi, mutta t\u00e4m\u00e4 kirjoitus on saatavana ainoastaan n\u00e4ill\u00e4 kielill\u00e4: Eesti.<\/p>\n","protected":false},"author":1,"featured_media":0,"parent":7756,"menu_order":0,"comment_status":"closed","ping_status":"closed","template":"","meta":{"_aioseo_title":"","_aioseo_description":"","footnotes":""},"class_list":["post-8058","page","type-page","status-publish"],"_links":{"self":[{"href":"https:\/\/www.medicineestonia.eu\/fi\/wp-json\/wp\/v2\/pages\/8058","targetHints":{"allow":["GET"]}}],"collection":[{"href":"https:\/\/www.medicineestonia.eu\/fi\/wp-json\/wp\/v2\/pages"}],"about":[{"href":"https:\/\/www.medicineestonia.eu\/fi\/wp-json\/wp\/v2\/types\/page"}],"author":[{"embeddable":true,"href":"https:\/\/www.medicineestonia.eu\/fi\/wp-json\/wp\/v2\/users\/1"}],"replies":[{"embeddable":true,"href":"https:\/\/www.medicineestonia.eu\/fi\/wp-json\/wp\/v2\/comments?post=8058"}],"version-history":[{"count":1,"href":"https:\/\/www.medicineestonia.eu\/fi\/wp-json\/wp\/v2\/pages\/8058\/revisions"}],"predecessor-version":[{"id":8059,"href":"https:\/\/www.medicineestonia.eu\/fi\/wp-json\/wp\/v2\/pages\/8058\/revisions\/8059"}],"up":[{"embeddable":true,"href":"https:\/\/www.medicineestonia.eu\/fi\/wp-json\/wp\/v2\/pages\/7756"}],"wp:attachment":[{"href":"https:\/\/www.medicineestonia.eu\/fi\/wp-json\/wp\/v2\/media?parent=8058"}],"curies":[{"name":"wp","href":"https:\/\/api.w.org\/{rel}","templated":true}]}}