{"id":8220,"date":"2020-05-07T22:58:53","date_gmt":"2020-05-07T19:58:53","guid":{"rendered":"https:\/\/www.medicineestonia.eu\/?page_id=8220"},"modified":"2020-05-07T22:58:53","modified_gmt":"2020-05-07T19:58:53","slug":"%d1%80%d1%83%d1%81%d1%81%d0%ba%d0%b8%d0%b9-%d1%80%d0%b5%d0%b7%d1%8e%d0%bc%d0%b5-%d0%b3%d0%be%d0%b4a","status":"publish","type":"page","link":"https:\/\/www.medicineestonia.eu\/fi\/klastri-tegevus\/%d1%80%d1%83%d1%81%d1%81%d0%ba%d0%b8%d0%b9-%d1%80%d0%b5%d0%b7%d1%8e%d0%bc%d0%b5-%d0%b3%d0%be%d0%b4a\/","title":{"rendered":"(\u0420\u0443\u0441\u0441\u043a\u0438\u0439) \u0420\u0435\u0437\u044e\u043c\u0435 2019 \u0433\u043e\u0434a"},"content":{"rendered":"<p class=\"qtranxs-available-languages-message qtranxs-available-languages-message-fi\">Anteeksi, mutta t\u00e4m\u00e4 kirjoitus on saatavana ainoastaan n\u00e4ill\u00e4 kielill\u00e4: <a href=\"https:\/\/www.medicineestonia.eu\/ru\/wp-json\/wp\/v2\/pages\/8220\" class=\"qtranxs-available-language-link qtranxs-available-language-link-ru\" title=\"\u0420\u0443\u0441\u0441\u043a\u0438\u0439\">\u0420\u0443\u0441\u0441\u043a\u0438\u0439<\/a>.<\/p>","protected":false},"excerpt":{"rendered":"<p>Anteeksi, mutta t\u00e4m\u00e4 kirjoitus on saatavana ainoastaan n\u00e4ill\u00e4 kielill\u00e4: \u0420\u0443\u0441\u0441\u043a\u0438\u0439.<\/p>\n","protected":false},"author":815,"featured_media":0,"parent":505,"menu_order":3,"comment_status":"closed","ping_status":"closed","template":"","meta":{"_aioseo_title":"","_aioseo_description":"","footnotes":""},"class_list":["post-8220","page","type-page","status-publish"],"_links":{"self":[{"href":"https:\/\/www.medicineestonia.eu\/fi\/wp-json\/wp\/v2\/pages\/8220","targetHints":{"allow":["GET"]}}],"collection":[{"href":"https:\/\/www.medicineestonia.eu\/fi\/wp-json\/wp\/v2\/pages"}],"about":[{"href":"https:\/\/www.medicineestonia.eu\/fi\/wp-json\/wp\/v2\/types\/page"}],"author":[{"embeddable":true,"href":"https:\/\/www.medicineestonia.eu\/fi\/wp-json\/wp\/v2\/users\/815"}],"replies":[{"embeddable":true,"href":"https:\/\/www.medicineestonia.eu\/fi\/wp-json\/wp\/v2\/comments?post=8220"}],"version-history":[{"count":0,"href":"https:\/\/www.medicineestonia.eu\/fi\/wp-json\/wp\/v2\/pages\/8220\/revisions"}],"up":[{"embeddable":true,"href":"https:\/\/www.medicineestonia.eu\/fi\/wp-json\/wp\/v2\/pages\/505"}],"wp:attachment":[{"href":"https:\/\/www.medicineestonia.eu\/fi\/wp-json\/wp\/v2\/media?parent=8220"}],"curies":[{"name":"wp","href":"https:\/\/api.w.org\/{rel}","templated":true}]}}