{"id":8277,"date":"2021-03-11T22:51:38","date_gmt":"2021-03-11T20:51:38","guid":{"rendered":"https:\/\/www.medicineestonia.eu\/?page_id=8277"},"modified":"2021-03-11T22:52:52","modified_gmt":"2021-03-11T20:52:52","slug":"%d1%80%d1%83%d1%81%d1%81%d0%ba%d0%b8%d0%b9-%d0%bf%d1%80%d0%be%d0%b5%d0%ba%d1%82%d1%8b-2","status":"publish","type":"page","link":"https:\/\/www.medicineestonia.eu\/fi\/%d1%80%d1%83%d1%81%d1%81%d0%ba%d0%b8%d0%b9-%d0%bf%d1%80%d0%be%d0%b5%d0%ba%d1%82%d1%8b-2\/","title":{"rendered":"(\u0420\u0443\u0441\u0441\u043a\u0438\u0439) \u041f\u0420\u041e\u0415\u041a\u0422\u042b"},"content":{"rendered":"<p class=\"qtranxs-available-languages-message qtranxs-available-languages-message-fi\">Anteeksi, mutta t\u00e4m\u00e4 kirjoitus on saatavana ainoastaan n\u00e4ill\u00e4 kielill\u00e4: <a href=\"https:\/\/www.medicineestonia.eu\/ru\/wp-json\/wp\/v2\/pages\/8277\" class=\"qtranxs-available-language-link qtranxs-available-language-link-ru\" title=\"\u0420\u0443\u0441\u0441\u043a\u0438\u0439\">\u0420\u0443\u0441\u0441\u043a\u0438\u0439<\/a>.<\/p>","protected":false},"excerpt":{"rendered":"<p>Anteeksi, mutta t\u00e4m\u00e4 kirjoitus on saatavana ainoastaan n\u00e4ill\u00e4 kielill\u00e4: \u0420\u0443\u0441\u0441\u043a\u0438\u0439.<\/p>\n","protected":false},"author":815,"featured_media":0,"parent":0,"menu_order":3,"comment_status":"closed","ping_status":"closed","template":"","meta":{"_aioseo_title":"","_aioseo_description":"","footnotes":""},"class_list":["post-8277","page","type-page","status-publish"],"_links":{"self":[{"href":"https:\/\/www.medicineestonia.eu\/fi\/wp-json\/wp\/v2\/pages\/8277","targetHints":{"allow":["GET"]}}],"collection":[{"href":"https:\/\/www.medicineestonia.eu\/fi\/wp-json\/wp\/v2\/pages"}],"about":[{"href":"https:\/\/www.medicineestonia.eu\/fi\/wp-json\/wp\/v2\/types\/page"}],"author":[{"embeddable":true,"href":"https:\/\/www.medicineestonia.eu\/fi\/wp-json\/wp\/v2\/users\/815"}],"replies":[{"embeddable":true,"href":"https:\/\/www.medicineestonia.eu\/fi\/wp-json\/wp\/v2\/comments?post=8277"}],"version-history":[{"count":0,"href":"https:\/\/www.medicineestonia.eu\/fi\/wp-json\/wp\/v2\/pages\/8277\/revisions"}],"wp:attachment":[{"href":"https:\/\/www.medicineestonia.eu\/fi\/wp-json\/wp\/v2\/media?parent=8277"}],"curies":[{"name":"wp","href":"https:\/\/api.w.org\/{rel}","templated":true}]}}