{"id":867,"date":"2013-03-26T14:16:26","date_gmt":"2013-03-26T14:16:26","guid":{"rendered":"http:\/\/www.medicineestonia.eu\/organisatsioonist\/?page_id=867"},"modified":"2015-02-18T10:00:24","modified_gmt":"2015-02-18T10:00:24","slug":"in-the-media","status":"publish","type":"page","link":"https:\/\/www.medicineestonia.eu\/fi\/treatment-in-estonia\/in-the-media\/","title":{"rendered":"(English) Media Reports"},"content":{"rendered":"<p><\/p>\n<p><br \/>\nTalousel\u00e4m\u00e4: <a href=\"http:\/\/www.talouselama.fi\/uutiset\/kelakortti+mukaan+ja+menoksi++kukoistaako+terveysturismi+viroon+kohta+viinaturismin+rinnalla\/a2269668\" target=\"_blank\">Kela-kortti mukaan ja menoksi \u2013 Kukoistaako terveysturismi Viroon kohta viinaturismin rinnalla?<\/a><\/p>\n<p>Keskisuomalainen: <a href=\"http:\/\/www.ksml.fi\/uutiset\/kotimaa\/laakarin-vastaanotolle-viroon-yha-useampi-lahtee-terveysturistiksi\/1909807\" target=\"_blank\">L\u00e4\u00e4k\u00e4rin vastaanotolle Viroon? Yh\u00e4 useampi l\u00e4htee terveysturistiksi<\/a><\/p>\n<p>Turun Sanomat: <a href=\"http:\/\/www.ts.fi\/uutiset\/kotimaa\/685315\/Joka+kolmas+suomalainen+kiinnostunut+terveysturismista+Virossa\" target=\"_blank\">Joka kolmas suomalainen kiinnostunut terveysturismista Virossa<\/a><\/p>\n<p>Savon Sanomat: <a href=\"http:\/\/www.savonsanomat.fi\/uutiset\/kotimaa\/suomalaismatkailijat-hylkasivat-venajan-ruotsin-suosio-kasvoi\/1909864\" target=\"_blank\">Suomalaismatkailijat hylk\u00e4siv\u00e4t Ven\u00e4j\u00e4n &#8211; Ruotsin suosio kasvoi<\/a><\/p>\n<p>Aamulehti: <a href=\"http:\/\/www.aamulehti.fi\/Kotimaa\/1194931714029\/artikkeli\/joka+kolmas+suomalainen+kiinnostunut+terveysturismista+virossa.html\" target=\"_blank\">Joka kolmas suomalainen kiinnostunut terveysturismista Virossa<\/a><\/p>\n<p>MTV.fi: <a href=\"http:\/\/www.mtv.fi\/uutiset\/kotimaa\/artikkeli\/joka-kolmas-kiinnostunut-terveysturismista-virossa\/4388716\" target=\"_blank\">Joka kolmas kiinnostunut terveysturismista Virossa<\/a><\/p>\n<p>Verkkouutiset: <a href=\"http:\/\/www.verkkouutiset.fi\/kotimaa\/viro%20terveyspalvelu-26441\" target=\"_blank\">L\u00e4hes kolmannes suomalaisista olisi valmis kokeilemaan virolaista terveydenhoitoa<\/a><\/p>\n<p>Newshub: <a href=\"http:\/\/fi.newshub.org\/kela_kortti_mukaan_ja_menoksi_kukoistaako_terveysturismi_viroon_kohta_viinaturismin_r_4564936.html\" target=\"_blank\">Kela-kortti mukaan ja menoksi \u2013 Kukoistaako terveysturismi Viroon kohta viinaturismin rinnalla?<\/a><\/p>\n<p>Helsingin Sanomat: <a href=\"http:\/\/www.hs.fi\/kotimaa\/a1412561387025\" target=\"_blank\">&#8221;Hyv\u00e4 hinta-laatusuhde&#8221; houkuttelee: Viron terveysturismi kiinnostaa suomalaisia<\/a><\/p>\n<p>Kauppalehti: <a href=\"http:\/\/www.medicineestonia.eu\/wp-content\/uploads\/2014\/09\/Kauppalehti-20140923.pdf\" target=\"_blank\">Viro vet\u00e4\u00e4 hoitoon<\/a><\/p>\n<p>MTV3: <a href=\"http:\/\/www.katsomo.fi\/?progId=382610\" target=\"_blank\">Viro houkuttaa suomalaispotilaita<\/a><\/p>\n<p>Mediuutiset: <a href=\"http:\/\/www.mediuutiset.fi\/uutisarkisto\/viron+sairaalat+houkuttelevat+potilaita+suomesta\/a1011482\" target=\"_blank\">Viron sairaalat houkuttelevat potilaita Suomesta<\/a><\/p>\n<p>Iltalehti: <a href=\"http:\/\/www.iltalehti.fi\/uutiset\/2014083118618808_uu.shtml?ref=hakemisto\" target=\"_blank\">Uusi laki mahdollistaa edullisen terveysmatkailun &#8211; nytk\u00f6 alkaa hoitoralli?<\/a><\/p>\n<p>et Terveys: <a href=\"http:\/\/www.medicineestonia.eu\/wp-content\/uploads\/2014\/09\/ET-Terveys-2014-08.pdf\" target=\"_blank\">Terveys kuntoon Virossa?<\/a><\/p>\n<p>Naisen Terveys: <a href=\"http:\/\/www.naistenterveys.fi\/terveys\/apua-jo-yli-1000-ylipainoiselle\" taret=\"_blank\">Apua jo yli 1000 ylipainoiselle<\/a><\/p>\n<p>Seija Telaranta: <a href=\"http:\/\/www.puhutaanjohtamisesta.com\/post\/88566426732\/kreutzwaldin-silmakeskuksessa-asiakas-on-arvossaan\" target=\"_blank\">Kreutzwaldin Silm\u00e4keskuksessa asiakas on arvossaan<\/a><\/p>\n<p>Talousel\u00e4m\u00e4: <a href=\"http:\/\/www.talouselama.fi\/uutiset\/silikonirinnat+saa+virosta+eutuella\/a2226461\" target=\"_blank\">Silikonirinnat saa Virosta EU-tuella<\/a><\/p>\n<p><a href=\"http:\/\/estonia.eu\/about-estonia\/economy-a-it\/e-estonia.html\" target=\"_blank\">e-Estonia<\/a> (Englanniksi)<\/p>\n<p>European Medical Mobility: <a href=\"http:\/\/www.medicalmobility.eu\/estonia\" target=\"_blank\">L\u00e4\u00e4k\u00e4rien ammattivaatimukset Virossa<\/a> (Englanniksi)<\/p>\n<p><a href=\"http:\/\/pxweb.tai.ee\/esf\/pxweb2008\/Database_en\/HCresources\/05Personnel\/05Personnel.asp\" target=\"_blank\">Tilastoja terveysalalla ty\u00f6skentelevist\u00e4 Virossa<\/a> (Englanniksi)<\/p>\n<p>YLE: <a href=\"http:\/\/yle.fi\/uutiset\/suomalaisten_laboratorionaytteita_analysoidaan_ulkomailla\/6610634?fb_action_ids=651596381533817&#038;fb_action_types=og.recommends&#038;fb_source=aggregation&#038;fb_aggregation_id=288381481237582\" target=\"_blank\">Suomalaisten laboratorion\u00e4ytteit\u00e4 analysoidaan ulkomailla<\/a><\/p>\n<p>Maaseudun Tulevaisuus: <a href=\"http:\/\/www.maaseuduntulevaisuus.fi\/politiikka-ja-talous\/suomalainen-yritt\u00e4jyys-tuplaantui-virossa-1.56209\" target=\"_blank\">Suomalainen yritt\u00e4jyys tuplaantui Virossa<\/a><\/p>\n<p>Estonia: <a href=\"http:\/\/www.bhorowitz.com\/estonia_the_little_country_that_cloud\" target=\"_blank\">The Little Country That Cloud<\/a> <\/p>\n<p><a href=\"http:\/\/issuu.com\/eas-estonia\/docs\/lie_spring_2014_issuu?e=1268773\/7437882\" target=\"_blank\">Estonia-lehti<\/a> (Engalnniksi)<\/p>\n<p>Huffington Post: <a href=\"http:\/\/www.huffingtonpost.de\/2014\/03\/24\/digitale-zukunft-estland-_n_5021458.html?utm_hp_ref=mostpopular%2Cgood\" target=\"_blank\">Digitale Zukunft: Was wir von Estland \u00fcber das Internet lernen k\u00f6nnen<\/a><\/p>\n<p><a href=\"http:\/\/www.visitestonia.com\/fi\" target=\"_blank\">Viron matkailusivusto<\/a><\/p>\n<p>Baltic Guide-lehti: &#8221;<a href=\"https:\/\/www.fingler.com\/embed\/121796?fullscreen=true#27\" target=\"_blank\">Tasokasta kirurgiaa, satoja onnistuneita leikkauksia<\/a>&#8221; (Vuoden 2012 -l\u00e4\u00e4k\u00e4ri Virossa kunniamaininnan saaneen Ilmar Kaurin haastattelu)<\/p>\n<p>YLE Uutiset: <a href=\"http:\/\/yle.fi\/uutiset\/potilasdirektiivi_tulee_-_katso_kannattaako_lahtea_hammasturistiksi_viroon\/6564984\" target=\"_blank\">Potilasdirektiivi tulee &#8211; katso kannattaako l\u00e4hte\u00e4 hammasturistiksi Viroon<\/a><\/p>\n<p>The Lancet: <a href=\"http:\/\/www.thelancet.com\/journals\/lancet\/article\/PIIS0140-6736(12)61148-9\/fulltext\" target=\"_blank\">Vuonna 2011 valmistuneen kansainv\u00e4lisen European Surgical Outcomes Study (EuSOS) -tutkimuksen mukaan vaikeidenkin leikkauksien j\u00e4lkeinen potilaskuolleisuus on Virossa vain 1,5%, kun Euroopan Unionin j\u00e4senmaissa se yleisesti on 4,0%. Tuloksen my\u00f6t\u00e4 Viro on potilasturvallisuudeltaan Euroopan viiden k\u00e4rkimaan joukossa.<\/a> (Englanniksi)<\/p>\n<p>Euroopan komission varapresidentti Neelie Kroesin tiedottaja, Ryan Heath: <a href=\"http:\/\/etv.err.ee\/arhiiv.php?id=135341\" target=\"_blank\">Viro on s\u00e4hk\u00f6isen terveydenhuollon ja s\u00e4hk\u00f6isten palvelujen vahva johtaja<\/a><\/p>\n<p>It\u00e4valtalainen toimittaja Gabriela G\u00f6del, Kronen Zeitung: &#8221;<a href=\"http:\/\/www.krone.at\/Reisen-Urlaub\/Estland._Lettland._Litauen_Keine_High_Heels_im_Baltikum-Reise_ins_Mittelalter-Story-347150\" target=\"_blank\">Viro on Pohjolan Sveitsi<\/a>&#8221; (Englanniksi)<\/p>\n<p>The Washington Post: <a href=\"http:\/\/www.washingtonpost.com\/blogs\/wonkblog\/wp\/2012\/11\/06\/estonians-get-to-vote-online-why-cant-america\/\" target=\"_blank\">Estonia gets to vote online. Why can\u00b4t America?<\/a> (Englanniksi)<\/p>\n<p>e-Estonia:\u00a0<a href=\"http:\/\/e-estonia.com\/news\/12-03-15\/future-medicine-ehealth-and-mhealth\" target=\"_blank\">Virolla on erinomaiset tulokset s\u00e4hk\u00f6isen ja mobiiliterveyden testauksessa<\/a>. (Englanniksi)<\/p>\n<p><\/p>","protected":false},"excerpt":{"rendered":"<p>Talousel\u00e4m\u00e4: Kela-kortti mukaan ja menoksi \u2013 Kukoistaako terveysturismi Viroon kohta viinaturismin rinnalla? Keskisuomalainen: L\u00e4\u00e4k\u00e4rin vastaanotolle Viroon? Yh\u00e4 useampi l\u00e4htee terveysturistiksi Turun Sanomat: Joka kolmas suomalainen kiinnostunut terveysturismista Virossa Savon Sanomat: Suomalaismatkailijat hylk\u00e4siv\u00e4t Ven\u00e4j\u00e4n &#8211; Ruotsin suosio kasvoi Aamulehti: Joka kolmas suomalainen kiinnostunut terveysturismista Virossa MTV.fi: Joka kolmas kiinnostunut terveysturismista Virossa Verkkouutiset: L\u00e4hes kolmannes suomalaisista olisi [&hellip;]<\/p>\n","protected":false},"author":8,"featured_media":0,"parent":217,"menu_order":4,"comment_status":"open","ping_status":"closed","template":"","meta":{"_aioseo_title":"","_aioseo_description":"","footnotes":""},"class_list":["post-867","page","type-page","status-publish"],"_links":{"self":[{"href":"https:\/\/www.medicineestonia.eu\/fi\/wp-json\/wp\/v2\/pages\/867","targetHints":{"allow":["GET"]}}],"collection":[{"href":"https:\/\/www.medicineestonia.eu\/fi\/wp-json\/wp\/v2\/pages"}],"about":[{"href":"https:\/\/www.medicineestonia.eu\/fi\/wp-json\/wp\/v2\/types\/page"}],"author":[{"embeddable":true,"href":"https:\/\/www.medicineestonia.eu\/fi\/wp-json\/wp\/v2\/users\/8"}],"replies":[{"embeddable":true,"href":"https:\/\/www.medicineestonia.eu\/fi\/wp-json\/wp\/v2\/comments?post=867"}],"version-history":[{"count":27,"href":"https:\/\/www.medicineestonia.eu\/fi\/wp-json\/wp\/v2\/pages\/867\/revisions"}],"predecessor-version":[{"id":4478,"href":"https:\/\/www.medicineestonia.eu\/fi\/wp-json\/wp\/v2\/pages\/867\/revisions\/4478"}],"up":[{"embeddable":true,"href":"https:\/\/www.medicineestonia.eu\/fi\/wp-json\/wp\/v2\/pages\/217"}],"wp:attachment":[{"href":"https:\/\/www.medicineestonia.eu\/fi\/wp-json\/wp\/v2\/media?parent=867"}],"curies":[{"name":"wp","href":"https:\/\/api.w.org\/{rel}","templated":true}]}}